{"id":17,"date":"2026-02-15T10:43:40","date_gmt":"2026-02-15T10:43:40","guid":{"rendered":"https:\/\/innerpace.de\/?page_id=17"},"modified":"2026-05-08T09:25:38","modified_gmt":"2026-05-08T09:25:38","slug":"running-soon","status":"publish","type":"page","link":"https:\/\/innerpace.de\/de\/","title":{"rendered":"Running Soon"},"content":{"rendered":"<div class=\"wp-block-group alignfull ext-hero-section is-style-ext-preset--group--natural-1--header-1 has-custom-secondary-background-color has-background has-global-padding is-layout-constrained wp-block-group-is-layout-constrained\" style=\"margin-top:0;margin-bottom:0;padding-top:var(--wp--preset--spacing--50);padding-bottom:var(--wp--preset--spacing--70)\">\n<div class=\"wp-block-columns alignwide are-vertically-aligned-center is-layout-flex wp-container-core-columns-is-layout-174606dc wp-block-columns-is-layout-flex\">\n<div class=\"wp-block-column is-vertically-aligned-center is-layout-flow wp-block-column-is-layout-flow\">\n<h1 class=\"wp-block-heading has-text-align-center ext-animate--on has-custom-primary-color has-text-color has-link-color wp-elements-2ab010e5768137556b995d0e78174b4d\">Inner Pace<\/h1>\n\n\n\n<p class=\"ext-animate--on has-custom-background-background-color has-background\" style=\"margin-top:1.5rem\">Inner Pace ist mehr als nur Laufprogramme und Einzelcoaching. Es ist ein Ort f\u00fcr Menschen, die sich stark, leistungsf\u00e4hig und geerdet f\u00fchlen m\u00f6chten \u2013 ohne Druck und ohne sich mit anderen zu vergleichen.<\/p>\n\n\n\n<p class=\"has-custom-background-background-color has-background\"><strong>Coming Soon:<\/strong> Programme, die auf dem individuellen Einsatz basieren, flexibel sind und auf den Alltag zugeschnitten sind. Denn Fortschritte sehen bei jedem Menschen und an jedem Tag anders aus.<\/p>\n<\/div>\n\n\n\n<div class=\"wp-block-column is-vertically-aligned-center is-layout-flow wp-block-column-is-layout-flow\">\n<figure class=\"wp-block-image size-large is-style-ext-preset--image--natural-1--image-1--content-left ext-animate--on is-style-ext-preset--image--natural-1--image-1--content-left--2\"><img loading=\"lazy\" decoding=\"async\" width=\"1024\" height=\"683\" src=\"https:\/\/innerpace.de\/wp-content\/uploads\/2026\/02\/X9A7227-1-1024x683.jpg\" alt=\"\" class=\"wp-image-19\" style=\"aspect-ratio:1;object-fit:cover\" srcset=\"https:\/\/innerpace.de\/wp-content\/uploads\/2026\/02\/X9A7227-1-1024x683.jpg 1024w, https:\/\/innerpace.de\/wp-content\/uploads\/2026\/02\/X9A7227-1-300x200.jpg 300w, https:\/\/innerpace.de\/wp-content\/uploads\/2026\/02\/X9A7227-1-768x512.jpg 768w, https:\/\/innerpace.de\/wp-content\/uploads\/2026\/02\/X9A7227-1-1536x1024.jpg 1536w\" sizes=\"auto, (max-width: 1024px) 100vw, 1024px\" \/><\/figure>\n<\/div>\n<\/div>\n\n\n\n<hr class=\"wp-block-separator has-text-color has-custom-cta-color has-alpha-channel-opacity has-custom-cta-background-color has-background is-style-wide\" style=\"margin-top:var(--wp--preset--spacing--40);margin-bottom:var(--wp--preset--spacing--40)\"\/>\n\n\n\n<div class=\"wp-block-group alignfull is-style-ext-preset--group--natural-1--section has-custom-secondary-background-color has-background has-global-padding is-layout-constrained wp-block-group-is-layout-constrained\" style=\"margin-top:0;margin-bottom:0;padding-top:var(--wp--preset--spacing--70);padding-bottom:var(--wp--preset--spacing--70)\">\n<div class=\"wp-block-columns alignwide are-vertically-aligned-center is-layout-flex wp-container-core-columns-is-layout-174606dc wp-block-columns-is-layout-flex\">\n<div class=\"wp-block-column is-vertically-aligned-center is-layout-flow wp-block-column-is-layout-flow\">\n<figure class=\"wp-block-image size-full is-resized ext-animate--on is-style-default\" style=\"margin-top:var(--wp--preset--spacing--20);margin-right:var(--wp--preset--spacing--30);margin-bottom:var(--wp--preset--spacing--20);margin-left:var(--wp--preset--spacing--30)\"><img loading=\"lazy\" decoding=\"async\" width=\"341\" height=\"303\" src=\"https:\/\/innerpace.de\/wp-content\/uploads\/2026\/05\/Logo_Innerpace_final.png\" alt=\"\" class=\"wp-image-167\" style=\"width:339px;height:auto\" srcset=\"https:\/\/innerpace.de\/wp-content\/uploads\/2026\/05\/Logo_Innerpace_final.png 341w, https:\/\/innerpace.de\/wp-content\/uploads\/2026\/05\/Logo_Innerpace_final-300x267.png 300w\" sizes=\"auto, (max-width: 341px) 100vw, 341px\" \/><\/figure>\n<\/div>\n\n\n\n<div class=\"wp-block-column is-vertically-aligned-center is-layout-flow wp-block-column-is-layout-flow\">\n<h2 class=\"wp-block-heading ext-animate--on has-custom-primary-color has-text-color has-link-color wp-elements-f5b68951c3a0c1d9155f1a1ac5c52473\">Stay Connected<\/h2>\n\n\n\n<p class=\"ext-animate--on has-custom-secondar-color has-custom-background-background-color has-text-color has-background has-link-color wp-elements-944532c678fbb6995acace3247985d60\" style=\"margin-top:1.5rem\">Stay Connected<br>Email: <a href=\"mailto:info@innerpace.de\">info@innerpace.de<\/a><br>Instagram: @innerpace_coaching<\/p>\n\n\n\n<ul class=\"wp-block-social-links has-icon-color has-icon-background-color is-style-default ext-animate--on is-content-justification-left is-layout-flex wp-container-core-social-links-is-layout-ec1123a7 wp-block-social-links-is-layout-flex\"><li style=\"color:#ea5350;background-color:#ffffff;\" class=\"wp-social-link wp-social-link-instagram has-custom-cta-color has-background-background-color wp-block-social-link\"><a href=\"https:\/\/www.instagram.com\/innerpace_coaching\" class=\"wp-block-social-link-anchor\"><svg width=\"24\" height=\"24\" viewbox=\"0 0 24 24\" version=\"1.1\" xmlns=\"http:\/\/www.w3.org\/2000\/svg\" aria-hidden=\"true\" focusable=\"false\"><path d=\"M12,4.622c2.403,0,2.688,0.009,3.637,0.052c0.877,0.04,1.354,0.187,1.671,0.31c0.42,0.163,0.72,0.358,1.035,0.673 c0.315,0.315,0.51,0.615,0.673,1.035c0.123,0.317,0.27,0.794,0.31,1.671c0.043,0.949,0.052,1.234,0.052,3.637 s-0.009,2.688-0.052,3.637c-0.04,0.877-0.187,1.354-0.31,1.671c-0.163,0.42-0.358,0.72-0.673,1.035 c-0.315,0.315-0.615,0.51-1.035,0.673c-0.317,0.123-0.794,0.27-1.671,0.31c-0.949,0.043-1.233,0.052-3.637,0.052 s-2.688-0.009-3.637-0.052c-0.877-0.04-1.354-0.187-1.671-0.31c-0.42-0.163-0.72-0.358-1.035-0.673 c-0.315-0.315-0.51-0.615-0.673-1.035c-0.123-0.317-0.27-0.794-0.31-1.671C4.631,14.688,4.622,14.403,4.622,12 s0.009-2.688,0.052-3.637c0.04-0.877,0.187-1.354,0.31-1.671c0.163-0.42,0.358-0.72,0.673-1.035 c0.315-0.315,0.615-0.51,1.035-0.673c0.317-0.123,0.794-0.27,1.671-0.31C9.312,4.631,9.597,4.622,12,4.622 M12,3 C9.556,3,9.249,3.01,8.289,3.054C7.331,3.098,6.677,3.25,6.105,3.472C5.513,3.702,5.011,4.01,4.511,4.511 c-0.5,0.5-0.808,1.002-1.038,1.594C3.25,6.677,3.098,7.331,3.054,8.289C3.01,9.249,3,9.556,3,12c0,2.444,0.01,2.751,0.054,3.711 c0.044,0.958,0.196,1.612,0.418,2.185c0.23,0.592,0.538,1.094,1.038,1.594c0.5,0.5,1.002,0.808,1.594,1.038 c0.572,0.222,1.227,0.375,2.185,0.418C9.249,20.99,9.556,21,12,21s2.751-0.01,3.711-0.054c0.958-0.044,1.612-0.196,2.185-0.418 c0.592-0.23,1.094-0.538,1.594-1.038c0.5-0.5,0.808-1.002,1.038-1.594c0.222-0.572,0.375-1.227,0.418-2.185 C20.99,14.751,21,14.444,21,12s-0.01-2.751-0.054-3.711c-0.044-0.958-0.196-1.612-0.418-2.185c-0.23-0.592-0.538-1.094-1.038-1.594 c-0.5-0.5-1.002-0.808-1.594-1.038c-0.572-0.222-1.227-0.375-2.185-0.418C14.751,3.01,14.444,3,12,3L12,3z M12,7.378 c-2.552,0-4.622,2.069-4.622,4.622S9.448,16.622,12,16.622s4.622-2.069,4.622-4.622S14.552,7.378,12,7.378z M12,15 c-1.657,0-3-1.343-3-3s1.343-3,3-3s3,1.343,3,3S13.657,15,12,15z M16.804,6.116c-0.596,0-1.08,0.484-1.08,1.08 s0.484,1.08,1.08,1.08c0.596,0,1.08-0.484,1.08-1.08S17.401,6.116,16.804,6.116z\"><\/path><\/svg><span class=\"wp-block-social-link-label screen-reader-text\">Instagram<\/span><\/a><\/li><\/ul>\n<\/div>\n<\/div>\n<\/div>\n<\/div>","protected":false},"excerpt":{"rendered":"<p>Inner Pace Inner Pace is more than running programs and 1:1 coaching. It\u00b4s a space for people who want to feel strong, capable, and steady without pressure and comparison. Coming Soon: Programs that are effort-based, flexible, and designed for real life. Because progress looks different on every body, on every day. Stay Connected Stay ConnectedEmail: [&hellip;]<\/p>\n","protected":false},"author":1,"featured_media":0,"parent":0,"menu_order":0,"comment_status":"closed","ping_status":"closed","template":"page-with-title","meta":{"footnotes":""},"class_list":["post-17","page","type-page","status-publish","hentry"],"_links":{"self":[{"href":"https:\/\/innerpace.de\/de\/wp-json\/wp\/v2\/pages\/17","targetHints":{"allow":["GET"]}}],"collection":[{"href":"https:\/\/innerpace.de\/de\/wp-json\/wp\/v2\/pages"}],"about":[{"href":"https:\/\/innerpace.de\/de\/wp-json\/wp\/v2\/types\/page"}],"author":[{"embeddable":true,"href":"https:\/\/innerpace.de\/de\/wp-json\/wp\/v2\/users\/1"}],"replies":[{"embeddable":true,"href":"https:\/\/innerpace.de\/de\/wp-json\/wp\/v2\/comments?post=17"}],"version-history":[{"count":12,"href":"https:\/\/innerpace.de\/de\/wp-json\/wp\/v2\/pages\/17\/revisions"}],"predecessor-version":[{"id":169,"href":"https:\/\/innerpace.de\/de\/wp-json\/wp\/v2\/pages\/17\/revisions\/169"}],"wp:attachment":[{"href":"https:\/\/innerpace.de\/de\/wp-json\/wp\/v2\/media?parent=17"}],"curies":[{"name":"wp","href":"https:\/\/api.w.org\/{rel}","templated":true}]}}